{"id":1476,"date":"2025-03-31T13:31:57","date_gmt":"2025-03-31T13:31:57","guid":{"rendered":"https:\/\/lingedu.ch\/?page_id=1476"},"modified":"2025-11-27T15:16:18","modified_gmt":"2025-11-27T15:16:18","slug":"uber-lingedu","status":"publish","type":"page","link":"https:\/\/lingedu.ch\/index.php\/uber-lingedu\/","title":{"rendered":"\u00dcber LingEdu"},"content":{"rendered":"\t\t<div data-elementor-type=\"wp-page\" data-elementor-id=\"1476\" class=\"elementor elementor-1476\">\n\t\t\t\t<div class=\"elementor-element elementor-element-05ddac6 e-flex e-con-boxed e-con e-parent\" data-id=\"05ddac6\" data-element_type=\"container\">\n\t\t\t\t\t<div class=\"e-con-inner\">\n\t\t\t\t<div class=\"elementor-element elementor-element-58267b6 elementor-widget elementor-widget-heading\" data-id=\"58267b6\" data-element_type=\"widget\" data-widget_type=\"heading.default\">\n\t\t\t\t<div class=\"elementor-widget-container\">\n\t\t\t\t\t<h1 class=\"elementor-heading-title elementor-size-default\">\u00dcber LingEdu<\/h1>\t\t\t\t<\/div>\n\t\t\t\t<\/div>\n\t\t\t\t<div class=\"elementor-element elementor-element-8ae5b35 elementor-widget elementor-widget-heading\" data-id=\"8ae5b35\" data-element_type=\"widget\" data-widget_type=\"heading.default\">\n\t\t\t\t<div class=\"elementor-widget-container\">\n\t\t\t\t\t<h1 class=\"elementor-heading-title elementor-size-default\">Ein Projekt der Universit\u00e4t Z\u00fcrich und der Universit\u00e9 de Fribourg<\/h1>\t\t\t\t<\/div>\n\t\t\t\t<\/div>\n\t\t\t\t\t<\/div>\n\t\t\t\t<\/div>\n\t\t<div class=\"elementor-element elementor-element-ee1a89a e-flex e-con-boxed e-con e-parent\" data-id=\"ee1a89a\" data-element_type=\"container\" data-settings=\"{&quot;background_background&quot;:&quot;classic&quot;}\">\n\t\t\t\t\t<div class=\"e-con-inner\">\n\t\t\t\t<div class=\"elementor-element elementor-element-491d49c elementor-widget elementor-widget-text-editor\" data-id=\"491d49c\" data-element_type=\"widget\" data-widget_type=\"text-editor.default\">\n\t\t\t\t<div class=\"elementor-widget-container\">\n\t\t\t\t\t\t\t\t\t<p style=\"font-weight: 400;\"><strong>Sprache ist allgegenw\u00e4rtig und pr\u00e4gt unser Denken und Handeln sowie unsere Gesellschaft.<\/strong>\u00a0Genau damit besch\u00e4ftigt sich die Linguistik. So lassen sich von der Wirkung von Verschw\u00f6rungstheorien, \u00fcber politische Debatten bis hin zur Rolle von Sprache in digitalen Medien viele der zentralen gesellschaftlichen Themen linguistisch untersuchen. Dennoch spielt die Linguistik im Unterricht auf Sekundarstufe II bisher oft nur eine untergeordnete Rolle. Unser Projekt will das \u00e4ndern.<\/p>\t\t\t\t\t\t\t\t<\/div>\n\t\t\t\t<\/div>\n\t\t\t\t<div class=\"elementor-element elementor-element-5e0b2f9 elementor-widget elementor-widget-text-editor\" data-id=\"5e0b2f9\" data-element_type=\"widget\" data-widget_type=\"text-editor.default\">\n\t\t\t\t<div class=\"elementor-widget-container\">\n\t\t\t\t\t\t\t\t\t<h3 data-start=\"222\" data-end=\"623\"><strong data-start=\"629\" data-end=\"650\">Ziel des Projekts<\/strong><\/h3><p style=\"font-weight: 400;\">Das SNF Agora Projekt\u00a0<em>Linguistics for Upper Secondary Schools<\/em>\u00a0m\u00f6chte Sprachwissenschaft st\u00e4rker in die Unterrichtspraxis auf der Sekundarstufe II integrieren. Daf\u00fcr entwickeln wir die <strong>Open Educational Resource (OER)-Plattform LingEdu<\/strong>, die Lehrpersonen hochwertige, kuratierte Materialien zu linguistischen Themen zur Verf\u00fcgung stellt. Diese Materialien helfen Sch\u00fcler:innen ein fundiertes Verst\u00e4ndnis f\u00fcr Sprache und ihre gesellschaftliche Relevanz zu entwickeln.<\/p>\t\t\t\t\t\t\t\t<\/div>\n\t\t\t\t<\/div>\n\t\t\t\t<div class=\"elementor-element elementor-element-1e38df5 elementor-widget elementor-widget-text-editor\" data-id=\"1e38df5\" data-element_type=\"widget\" data-widget_type=\"text-editor.default\">\n\t\t\t\t<div class=\"elementor-widget-container\">\n\t\t\t\t\t\t\t\t\t<h3><strong data-start=\"1110\" data-end=\"1136\">Warum ist das wichtig?<\/strong><\/h3><p>Gem\u00e4ss RML 2024 geh\u00f6rt es zur basalen fachlichen Kompetenz f\u00fcr allgemeine Studierf\u00e4higkeit (BfKA), \u00abSprache als vielschichtiges System [zu] untersuchen und [zu] begreifen\u00bb sowie \u00abmit Hilfe von sprachwissenschaftlichen Methoden [zu] reflektieren\u00bb (Rahmenlehrplan Gymnasiale Maturit\u00e4tsschulen 2024). Viele Lehrpersonen interessieren sich f\u00fcr sprachwissenschaftliche Themen, doch es fehlt an <b>didaktisch aufbereiteten Unterrichtsmaterialien. <\/b>Unser Projekt setzt genau hier an: Es bietet <b>kostenlose, interdisziplin\u00e4re Ressourcen<\/b>, um Sch\u00fcler:innen bei der Vertiefung ihrer Gesellschaftsreife zu f\u00f6rdern.<\/p>\t\t\t\t\t\t\t\t<\/div>\n\t\t\t\t<\/div>\n\t\t\t\t\t<\/div>\n\t\t\t\t<\/div>\n\t\t<div class=\"elementor-element elementor-element-8090c49 e-flex e-con-boxed e-con e-parent\" data-id=\"8090c49\" data-element_type=\"container\">\n\t\t\t\t\t<div class=\"e-con-inner\">\n\t\t\t\t<div class=\"elementor-element elementor-element-b4cca7f elementor-widget elementor-widget-spacer\" data-id=\"b4cca7f\" data-element_type=\"widget\" data-widget_type=\"spacer.default\">\n\t\t\t\t<div class=\"elementor-widget-container\">\n\t\t\t\t\t\t\t<div class=\"elementor-spacer\">\n\t\t\t<div class=\"elementor-spacer-inner\"><\/div>\n\t\t<\/div>\n\t\t\t\t\t\t<\/div>\n\t\t\t\t<\/div>\n\t\t\t\t\t<\/div>\n\t\t\t\t<\/div>\n\t\t<div class=\"elementor-element elementor-element-d680f1b e-flex e-con-boxed e-con e-parent\" data-id=\"d680f1b\" data-element_type=\"container\" data-settings=\"{&quot;background_background&quot;:&quot;classic&quot;}\">\n\t\t\t\t\t<div class=\"e-con-inner\">\n\t\t<div class=\"elementor-element elementor-element-3be5aa6 e-con-full e-flex e-con e-child\" data-id=\"3be5aa6\" data-element_type=\"container\">\n\t\t\t\t<div class=\"elementor-element elementor-element-92eb3ce elementor-widget elementor-widget-text-editor\" data-id=\"92eb3ce\" data-element_type=\"widget\" data-widget_type=\"text-editor.default\">\n\t\t\t\t<div class=\"elementor-widget-container\">\n\t\t\t\t\t\t\t\t\t<h3 data-start=\"222\" data-end=\"623\"><strong data-start=\"629\" data-end=\"650\">Was beinhaltet diese Webseite?<\/strong><\/h3><p>Diese Webseite stellt sprachwissenschaftliche, interdisziplin\u00e4re Unterrichtsmaterialien bereit. Die folgenden Abschnitte bieten Erl\u00e4uterungen zu den verwendeten Begriffen sowie Hinweise zur Struktur und Nutzung der Plattform. Weitere Hinweise \u00fcber die Webseite und die Nutzung finden Sie <a href=\"https:\/\/lingedu.ch\/index.php\/how-to-arbeitstitel\/\">hier<\/a>.<\/p>\t\t\t\t\t\t\t\t<\/div>\n\t\t\t\t<\/div>\n\t\t\t\t<\/div>\n\t\t<div class=\"elementor-element elementor-element-01ab5f1 e-con-full e-flex e-con e-child\" data-id=\"01ab5f1\" data-element_type=\"container\">\n\t\t\t\t<div class=\"elementor-element elementor-element-b07d348 elementor-widget elementor-widget-n-accordion\" data-id=\"b07d348\" data-element_type=\"widget\" data-settings=\"{&quot;default_state&quot;:&quot;all_collapsed&quot;,&quot;max_items_expended&quot;:&quot;one&quot;,&quot;n_accordion_animation_duration&quot;:{&quot;unit&quot;:&quot;ms&quot;,&quot;size&quot;:400,&quot;sizes&quot;:[]}}\" data-widget_type=\"nested-accordion.default\">\n\t\t\t\t<div class=\"elementor-widget-container\">\n\t\t\t\t\t\t\t<div class=\"e-n-accordion\" aria-label=\"Accordion. Open links with Enter or Space, close with Escape, and navigate with Arrow Keys\">\n\t\t\t\t\t\t<details id=\"e-n-accordion-item-1850\" class=\"e-n-accordion-item\" >\n\t\t\t\t<summary class=\"e-n-accordion-item-title\" data-accordion-index=\"1\" tabindex=\"0\" aria-expanded=\"false\" aria-controls=\"e-n-accordion-item-1850\" >\n\t\t\t\t\t<span class='e-n-accordion-item-title-header'><div class=\"e-n-accordion-item-title-text\"> Wichtigste Begriffe <\/div><\/span>\n\t\t\t\t\t\t\t<span class='e-n-accordion-item-title-icon'>\n\t\t\t<span class='e-opened' ><svg aria-hidden=\"true\" class=\"e-font-icon-svg e-fas-minus\" viewBox=\"0 0 448 512\" xmlns=\"http:\/\/www.w3.org\/2000\/svg\"><path d=\"M416 208H32c-17.67 0-32 14.33-32 32v32c0 17.67 14.33 32 32 32h384c17.67 0 32-14.33 32-32v-32c0-17.67-14.33-32-32-32z\"><\/path><\/svg><\/span>\n\t\t\t<span class='e-closed'><svg aria-hidden=\"true\" class=\"e-font-icon-svg e-fas-plus-square\" viewBox=\"0 0 448 512\" xmlns=\"http:\/\/www.w3.org\/2000\/svg\"><path d=\"M400 32H48C21.5 32 0 53.5 0 80v352c0 26.5 21.5 48 48 48h352c26.5 0 48-21.5 48-48V80c0-26.5-21.5-48-48-48zm-32 252c0 6.6-5.4 12-12 12h-92v92c0 6.6-5.4 12-12 12h-56c-6.6 0-12-5.4-12-12v-92H92c-6.6 0-12-5.4-12-12v-56c0-6.6 5.4-12 12-12h92v-92c0-6.6 5.4-12 12-12h56c6.6 0 12 5.4 12 12v92h92c6.6 0 12 5.4 12 12v56z\"><\/path><\/svg><\/span>\n\t\t<\/span>\n\n\t\t\t\t\t\t<\/summary>\n\t\t\t\t<div role=\"region\" aria-labelledby=\"e-n-accordion-item-1850\" class=\"elementor-element elementor-element-4abe419 e-con-full e-flex e-con e-child\" data-id=\"4abe419\" data-element_type=\"container\">\n\t\t\t\t<div class=\"elementor-element elementor-element-897db7e e-n-tabs-mobile elementor-widget elementor-widget-n-tabs\" data-id=\"897db7e\" data-element_type=\"widget\" data-settings=\"{&quot;horizontal_scroll&quot;:&quot;disable&quot;}\" data-widget_type=\"nested-tabs.default\">\n\t\t\t\t<div class=\"elementor-widget-container\">\n\t\t\t\t\t\t\t<div class=\"e-n-tabs\" data-widget-number=\"144169854\" aria-label=\"Tabs. Open items with Enter or Space, close with Escape and navigate using the Arrow keys.\">\n\t\t\t<div class=\"e-n-tabs-heading\" role=\"tablist\">\n\t\t\t\t\t<button id=\"e-n-tab-title-1441698541\" class=\"e-n-tab-title\" aria-selected=\"true\" data-tab-index=\"1\" role=\"tab\" tabindex=\"0\" aria-controls=\"e-n-tab-content-1441698541\" style=\"--n-tabs-title-order: 1;\">\n\t\t\t\t\t\t<span class=\"e-n-tab-title-text\">\n\t\t\t\tStufe\t\t\t<\/span>\n\t\t<\/button>\n\t\t\t\t<button id=\"e-n-tab-title-1441698542\" class=\"e-n-tab-title\" aria-selected=\"false\" data-tab-index=\"2\" role=\"tab\" tabindex=\"-1\" aria-controls=\"e-n-tab-content-1441698542\" style=\"--n-tabs-title-order: 2;\">\n\t\t\t\t\t\t<span class=\"e-n-tab-title-text\">\n\t\t\t\tKompetenzen\t\t\t<\/span>\n\t\t<\/button>\n\t\t\t\t<button id=\"e-n-tab-title-1441698543\" class=\"e-n-tab-title\" aria-selected=\"false\" data-tab-index=\"3\" role=\"tab\" tabindex=\"-1\" aria-controls=\"e-n-tab-content-1441698543\" style=\"--n-tabs-title-order: 3;\">\n\t\t\t\t\t\t<span class=\"e-n-tab-title-text\">\n\t\t\t\tUmfang \/ Vorbereitung\t\t\t<\/span>\n\t\t<\/button>\n\t\t\t\t\t<\/div>\n\t\t\t<div class=\"e-n-tabs-content\">\n\t\t\t\t<div role=\"region tabpanel\" aria-labelledby=\"e-n-accordion-item-1850 e-n-tab-title-1441698541\" id=\"e-n-tab-content-1441698541\" data-tab-index=\"1\" style=\"--n-tabs-title-order: 1;\" class=\"e-active elementor-element elementor-element-b144203 e-con-full e-flex e-con e-child\" data-id=\"b144203\" data-element_type=\"container\">\n\t\t\t\t<div class=\"elementor-element elementor-element-255326b elementor-widget elementor-widget-text-editor\" data-id=\"255326b\" data-element_type=\"widget\" data-widget_type=\"text-editor.default\">\n\t\t\t\t<div class=\"elementor-widget-container\">\n\t\t\t\t\t\t\t\t\t<p style=\"font-weight: 400;\">Die Stufenbezeichnungen orientieren sich am Schweizer Gymnasialsystem:<\/p><p style=\"font-weight: 400;\"><strong><em>1\u20132<\/em><\/strong>\u00a0stehen f\u00fcr die ersten beiden Jahre des\u00a0<strong>Kurzzeitgymnasiums<\/strong>\u00a0(vierj\u00e4hrige Ausbildung)<\/p><p style=\"font-weight: 400;\"><strong><em>3\u20134<\/em><\/strong>\u00a0bezeichnen die letzten beiden Jahre<\/p><p style=\"font-weight: 400;\"><strong><em>U1<\/em><\/strong>\u00a0und\u00a0<strong><em>U2<\/em><\/strong>\u00a0beziehen sich auf die ersten beiden Jahre im\u00a0<strong>Langzeitgymnasium<\/strong><\/p>\t\t\t\t\t\t\t\t<\/div>\n\t\t\t\t<\/div>\n\t\t\t\t<\/div>\n\t\t<div role=\"region tabpanel\" aria-labelledby=\"e-n-accordion-item-1850 e-n-tab-title-1441698542\" id=\"e-n-tab-content-1441698542\" data-tab-index=\"2\" style=\"--n-tabs-title-order: 2;\" class=\" elementor-element elementor-element-90ae0ac e-con-full e-flex e-con e-child\" data-id=\"90ae0ac\" data-element_type=\"container\">\n\t\t\t\t<div class=\"elementor-element elementor-element-0540d3c elementor-widget elementor-widget-text-editor\" data-id=\"0540d3c\" data-element_type=\"widget\" data-widget_type=\"text-editor.default\">\n\t\t\t\t<div class=\"elementor-widget-container\">\n\t\t\t\t\t\t\t\t\t<p style=\"font-weight: 400;\">Mit diesem Begriff werden zentrale Verkn\u00fcpfungen zum Rahmenlehrplan aufgezeigt.\u00a0<\/p>\t\t\t\t\t\t\t\t<\/div>\n\t\t\t\t<\/div>\n\t\t\t\t<\/div>\n\t\t<div role=\"region tabpanel\" aria-labelledby=\"e-n-accordion-item-1850 e-n-tab-title-1441698543\" id=\"e-n-tab-content-1441698543\" data-tab-index=\"3\" style=\"--n-tabs-title-order: 3;\" class=\" elementor-element elementor-element-7a887ba e-con-full e-flex e-con e-child\" data-id=\"7a887ba\" data-element_type=\"container\">\n\t\t\t\t<div class=\"elementor-element elementor-element-203077b elementor-widget elementor-widget-text-editor\" data-id=\"203077b\" data-element_type=\"widget\" data-widget_type=\"text-editor.default\">\n\t\t\t\t<div class=\"elementor-widget-container\">\n\t\t\t\t\t\t\t\t\t<p style=\"font-weight: 400;\">\u00abUmfang\u00bb meint die Anzahl Lektionen (\u00e0 45 Minuten). \u00abVorbereitung\u00bb weist auf allf\u00e4llige Vorbereitungen oder Vorwissen seitens der Sch\u00fcler:innen hin.<\/p>\t\t\t\t\t\t\t\t<\/div>\n\t\t\t\t<\/div>\n\t\t\t\t<\/div>\n\t\t\t\t\t<\/div>\n\t\t<\/div>\n\t\t\t\t\t\t<\/div>\n\t\t\t\t<\/div>\n\t\t\t\t<\/div>\n\t\t\t\t\t<\/details>\n\t\t\t\t\t\t<details id=\"e-n-accordion-item-1851\" class=\"e-n-accordion-item\" >\n\t\t\t\t<summary class=\"e-n-accordion-item-title\" data-accordion-index=\"2\" tabindex=\"-1\" aria-expanded=\"false\" aria-controls=\"e-n-accordion-item-1851\" >\n\t\t\t\t\t<span class='e-n-accordion-item-title-header'><div class=\"e-n-accordion-item-title-text\"> Materialien gezielt finden <\/div><\/span>\n\t\t\t\t\t\t\t<span class='e-n-accordion-item-title-icon'>\n\t\t\t<span class='e-opened' ><svg aria-hidden=\"true\" class=\"e-font-icon-svg e-fas-minus\" viewBox=\"0 0 448 512\" xmlns=\"http:\/\/www.w3.org\/2000\/svg\"><path d=\"M416 208H32c-17.67 0-32 14.33-32 32v32c0 17.67 14.33 32 32 32h384c17.67 0 32-14.33 32-32v-32c0-17.67-14.33-32-32-32z\"><\/path><\/svg><\/span>\n\t\t\t<span class='e-closed'><svg aria-hidden=\"true\" class=\"e-font-icon-svg e-fas-plus-square\" viewBox=\"0 0 448 512\" xmlns=\"http:\/\/www.w3.org\/2000\/svg\"><path d=\"M400 32H48C21.5 32 0 53.5 0 80v352c0 26.5 21.5 48 48 48h352c26.5 0 48-21.5 48-48V80c0-26.5-21.5-48-48-48zm-32 252c0 6.6-5.4 12-12 12h-92v92c0 6.6-5.4 12-12 12h-56c-6.6 0-12-5.4-12-12v-92H92c-6.6 0-12-5.4-12-12v-56c0-6.6 5.4-12 12-12h92v-92c0-6.6 5.4-12 12-12h56c6.6 0 12 5.4 12 12v92h92c6.6 0 12 5.4 12 12v56z\"><\/path><\/svg><\/span>\n\t\t<\/span>\n\n\t\t\t\t\t\t<\/summary>\n\t\t\t\t<div role=\"region\" aria-labelledby=\"e-n-accordion-item-1851\" class=\"elementor-element elementor-element-d447f7d e-con-full e-flex e-con e-child\" data-id=\"d447f7d\" data-element_type=\"container\">\n\t\t\t\t<div class=\"elementor-element elementor-element-3e345d1 elementor-widget elementor-widget-text-editor\" data-id=\"3e345d1\" data-element_type=\"widget\" data-widget_type=\"text-editor.default\">\n\t\t\t\t<div class=\"elementor-widget-container\">\n\t\t\t\t\t\t\t\t\t<p style=\"font-weight: 400;\">Die Unterrichtsmaterialien sind \u00fcber den Men\u00fcpunkt \u00abLerneinheiten\u00bb zug\u00e4nglich. Die Inhalte sind thematisch in Hauptkategorien gegliedert und zus\u00e4tzlich mit Stichworten (Tags) versehen. Diese erm\u00f6glichen eine gezielte Suche nach bestimmten Themen oder Schwerpunkten. Die verwendeten Tags sind jeweils unterhalb der Kurzbeschreibung der einzelnen Module zu finden.<\/p>\t\t\t\t\t\t\t\t<\/div>\n\t\t\t\t<\/div>\n\t\t\t\t<\/div>\n\t\t\t\t\t<\/details>\n\t\t\t\t\t\t<details id=\"e-n-accordion-item-1852\" class=\"e-n-accordion-item\" >\n\t\t\t\t<summary class=\"e-n-accordion-item-title\" data-accordion-index=\"3\" tabindex=\"-1\" aria-expanded=\"false\" aria-controls=\"e-n-accordion-item-1852\" >\n\t\t\t\t\t<span class='e-n-accordion-item-title-header'><div class=\"e-n-accordion-item-title-text\"> Hinweise zu Downloads <\/div><\/span>\n\t\t\t\t\t\t\t<span class='e-n-accordion-item-title-icon'>\n\t\t\t<span class='e-opened' ><svg aria-hidden=\"true\" class=\"e-font-icon-svg e-fas-minus\" viewBox=\"0 0 448 512\" xmlns=\"http:\/\/www.w3.org\/2000\/svg\"><path d=\"M416 208H32c-17.67 0-32 14.33-32 32v32c0 17.67 14.33 32 32 32h384c17.67 0 32-14.33 32-32v-32c0-17.67-14.33-32-32-32z\"><\/path><\/svg><\/span>\n\t\t\t<span class='e-closed'><svg aria-hidden=\"true\" class=\"e-font-icon-svg e-fas-plus-square\" viewBox=\"0 0 448 512\" xmlns=\"http:\/\/www.w3.org\/2000\/svg\"><path d=\"M400 32H48C21.5 32 0 53.5 0 80v352c0 26.5 21.5 48 48 48h352c26.5 0 48-21.5 48-48V80c0-26.5-21.5-48-48-48zm-32 252c0 6.6-5.4 12-12 12h-92v92c0 6.6-5.4 12-12 12h-56c-6.6 0-12-5.4-12-12v-92H92c-6.6 0-12-5.4-12-12v-56c0-6.6 5.4-12 12-12h92v-92c0-6.6 5.4-12 12-12h56c6.6 0 12 5.4 12 12v92h92c6.6 0 12 5.4 12 12v56z\"><\/path><\/svg><\/span>\n\t\t<\/span>\n\n\t\t\t\t\t\t<\/summary>\n\t\t\t\t<div role=\"region\" aria-labelledby=\"e-n-accordion-item-1852\" class=\"elementor-element elementor-element-3a5a6dc e-con-full e-flex e-con e-child\" data-id=\"3a5a6dc\" data-element_type=\"container\">\n\t\t\t\t<div class=\"elementor-element elementor-element-6a6b9a9 elementor-widget elementor-widget-text-editor\" data-id=\"6a6b9a9\" data-element_type=\"widget\" data-widget_type=\"text-editor.default\">\n\t\t\t\t<div class=\"elementor-widget-container\">\n\t\t\t\t\t\t\t\t\t<p style=\"font-weight: 400;\">Die bereitgestellten Lerninhalte stehen als .zip-Dateien zum Download zur Verf\u00fcgung. Der Lektionsplan und das Dokument \u00abHinweise f\u00fcr Lehrpersonen\u00bb bieten vorab einen \u00dcberblick \u00fcber die jeweilige Einheit. Alle weiteren Materialien, wie beispielsweise Arbeitsdossiers, Arbeitsbl\u00e4tter oder erg\u00e4nzende Unterlagen, sind gesammelt im Ordner \u00abdownload all\u00bb enthalten.<\/p>\t\t\t\t\t\t\t\t<\/div>\n\t\t\t\t<\/div>\n\t\t\t\t<\/div>\n\t\t\t\t\t<\/details>\n\t\t\t\t\t<\/div>\n\t\t\t\t\t\t<\/div>\n\t\t\t\t<\/div>\n\t\t\t\t<\/div>\n\t\t\t\t\t<\/div>\n\t\t\t\t<\/div>\n\t\t<div class=\"elementor-element elementor-element-fd83916 e-flex e-con-boxed e-con e-parent\" data-id=\"fd83916\" data-element_type=\"container\" data-settings=\"{&quot;background_background&quot;:&quot;classic&quot;}\">\n\t\t\t\t\t<div class=\"e-con-inner\">\n\t\t<div class=\"elementor-element elementor-element-00ce5d7 e-con-full e-flex e-con e-child\" data-id=\"00ce5d7\" data-element_type=\"container\">\n\t\t\t\t<div class=\"elementor-element elementor-element-b467a2b elementor-widget elementor-widget-text-editor\" data-id=\"b467a2b\" data-element_type=\"widget\" data-widget_type=\"text-editor.default\">\n\t\t\t\t<div class=\"elementor-widget-container\">\n\t\t\t\t\t\t\t\t\t<h3 data-start=\"222\" data-end=\"623\"><strong data-start=\"629\" data-end=\"650\">Projektstart<\/strong><\/h3><p>1. August 2024<\/p>\t\t\t\t\t\t\t\t<\/div>\n\t\t\t\t<\/div>\n\t\t\t\t<div class=\"elementor-element elementor-element-6ba7373 elementor-widget elementor-widget-text-editor\" data-id=\"6ba7373\" data-element_type=\"widget\" data-widget_type=\"text-editor.default\">\n\t\t\t\t<div class=\"elementor-widget-container\">\n\t\t\t\t\t\t\t\t\t<h3><strong data-start=\"1110\" data-end=\"1136\">Finanzierung<\/strong><\/h3><p><span style=\"font-size: 16px;\">SNF Agora (Projektnummer 223952)<\/span><\/p><p><a class=\"notion-link-token notion-focusable-token notion-enable-hover\" style=\"font-size: 16px;\" tabindex=\"0\" href=\"https:\/\/www.sagw.ch\/fr\/ssg\/\" rel=\"noopener noreferrer\" data-token-index=\"0\"><span class=\"link-annotation-18f8d9ae-e4e8-802f-8b8e-fc16c664c1ca--903724693\">Soci\u00e9t\u00e9 Suisse de Linguistique \/ Schweizerische Sprachwissenschaftliche Gesellschaft<\/span><\/a><\/p><div><div><div class=\"notranslate\" contenteditable=\"true\" spellcheck=\"true\" data-content-editable-leaf=\"true\"><p><a class=\"notion-link-token notion-focusable-token notion-enable-hover\" tabindex=\"0\" href=\"https:\/\/www.linguistik.uzh.ch\/de.html\" rel=\"noopener noreferrer\" data-token-index=\"0\"><span class=\"link-annotation-18f8d9ae-e4e8-802c-a200-f9220b025de5-1023451252\">LiZZ Linguistik Zentrum Z\u00fcrich<\/span><\/a><\/p><\/div><\/div><\/div><div><div><div class=\"notranslate\" contenteditable=\"true\" spellcheck=\"true\" data-content-editable-leaf=\"true\"><p><a class=\"notion-link-token notion-focusable-token notion-enable-hover\" tabindex=\"0\" href=\"https:\/\/www.spur.uzh.ch\/de.html\" rel=\"noopener noreferrer\" data-token-index=\"0\"><span class=\"link-annotation-18f8d9ae-e4e8-80dd-8aab-f315b091342a--760549913\">UFSP Sprache und Raum<\/span><\/a><\/p><\/div><\/div><\/div><div><div><p><a class=\"notion-link-token notion-focusable-token notion-enable-hover\" tabindex=\"0\" href=\"https:\/\/evolvinglanguage.ch\/\" rel=\"noopener noreferrer\" data-token-index=\"0\"><span class=\"link-annotation-18f8d9ae-e4e8-804b-a491-d4448702b157-1302343197\">NCCR Evolving Language<\/span><\/a><\/p><\/div><\/div>\t\t\t\t\t\t\t\t<\/div>\n\t\t\t\t<\/div>\n\t\t\t\t<\/div>\n\t\t\t\t\t<\/div>\n\t\t\t\t<\/div>\n\t\t<div class=\"elementor-element elementor-element-0e53688 e-flex e-con-boxed e-con e-parent\" data-id=\"0e53688\" data-element_type=\"container\">\n\t\t\t\t\t<div class=\"e-con-inner\">\n\t\t\t\t<div class=\"elementor-element elementor-element-35c396f elementor-widget elementor-widget-spacer\" data-id=\"35c396f\" data-element_type=\"widget\" data-widget_type=\"spacer.default\">\n\t\t\t\t<div class=\"elementor-widget-container\">\n\t\t\t\t\t\t\t<div class=\"elementor-spacer\">\n\t\t\t<div class=\"elementor-spacer-inner\"><\/div>\n\t\t<\/div>\n\t\t\t\t\t\t<\/div>\n\t\t\t\t<\/div>\n\t\t\t\t\t<\/div>\n\t\t\t\t<\/div>\n\t\t\t\t<\/div>\n\t\t","protected":false},"excerpt":{"rendered":"<p>\u00dcber LingEdu Ein Projekt der Universit\u00e4t Z\u00fcrich und der Universit\u00e9 de Fribourg Sprache ist allgegenw\u00e4rtig und pr\u00e4gt unser Denken und Handeln sowie unsere Gesellschaft.\u00a0Genau damit besch\u00e4ftigt sich die Linguistik. So lassen sich von der Wirkung von Verschw\u00f6rungstheorien, \u00fcber politische Debatten bis hin zur Rolle von Sprache in digitalen Medien viele der zentralen gesellschaftlichen Themen linguistisch [&hellip;]<\/p>\n","protected":false},"author":26,"featured_media":0,"parent":0,"menu_order":0,"comment_status":"closed","ping_status":"closed","template":"","meta":{"site-sidebar-layout":"no-sidebar","site-content-layout":"","ast-site-content-layout":"full-width-container","site-content-style":"default","site-sidebar-style":"default","ast-global-header-display":"","ast-banner-title-visibility":"","ast-main-header-display":"","ast-hfb-above-header-display":"","ast-hfb-below-header-display":"","ast-hfb-mobile-header-display":"","site-post-title":"disabled","ast-breadcrumbs-content":"","ast-featured-img":"disabled","footer-sml-layout":"","theme-transparent-header-meta":"","adv-header-id-meta":"","stick-header-meta":"","header-above-stick-meta":"","header-main-stick-meta":"","header-below-stick-meta":"","astra-migrate-meta-layouts":"default","ast-page-background-enabled":"default","ast-page-background-meta":{"desktop":{"background-color":"var(--ast-global-color-4)","background-image":"","background-repeat":"repeat","background-position":"center center","background-size":"auto","background-attachment":"scroll","background-type":"","background-media":"","overlay-type":"","overlay-color":"","overlay-opacity":"","overlay-gradient":""},"tablet":{"background-color":"","background-image":"","background-repeat":"repeat","background-position":"center center","background-size":"auto","background-attachment":"scroll","background-type":"","background-media":"","overlay-type":"","overlay-color":"","overlay-opacity":"","overlay-gradient":""},"mobile":{"background-color":"","background-image":"","background-repeat":"repeat","background-position":"center center","background-size":"auto","background-attachment":"scroll","background-type":"","background-media":"","overlay-type":"","overlay-color":"","overlay-opacity":"","overlay-gradient":""}},"ast-content-background-meta":{"desktop":{"background-color":"var(--ast-global-color-5)","background-image":"","background-repeat":"repeat","background-position":"center center","background-size":"auto","background-attachment":"scroll","background-type":"","background-media":"","overlay-type":"","overlay-color":"","overlay-opacity":"","overlay-gradient":""},"tablet":{"background-color":"var(--ast-global-color-5)","background-image":"","background-repeat":"repeat","background-position":"center center","background-size":"auto","background-attachment":"scroll","background-type":"","background-media":"","overlay-type":"","overlay-color":"","overlay-opacity":"","overlay-gradient":""},"mobile":{"background-color":"var(--ast-global-color-5)","background-image":"","background-repeat":"repeat","background-position":"center center","background-size":"auto","background-attachment":"scroll","background-type":"","background-media":"","overlay-type":"","overlay-color":"","overlay-opacity":"","overlay-gradient":""}},"footnotes":""},"class_list":["post-1476","page","type-page","status-publish","hentry"],"rttpg_featured_image_url":null,"rttpg_author":{"display_name":"Julie Fragni\u00e8re","author_link":"https:\/\/lingedu.ch\/index.php\/author\/julie\/"},"rttpg_comment":0,"rttpg_category":" <a href=\"https:\/\/lingedu.ch\/\" rel=\"tag\">Deutsch<\/a>","rttpg_excerpt":"\u00dcber LingEdu Ein Projekt der Universit\u00e4t Z\u00fcrich und der Universit\u00e9 de Fribourg Sprache ist allgegenw\u00e4rtig und pr\u00e4gt unser Denken und Handeln sowie unsere Gesellschaft.\u00a0Genau damit besch\u00e4ftigt sich die Linguistik. So lassen sich von der Wirkung von Verschw\u00f6rungstheorien, \u00fcber politische Debatten bis hin zur Rolle von Sprache in digitalen Medien viele der zentralen gesellschaftlichen Themen linguistisch&hellip;","_links":{"self":[{"href":"https:\/\/lingedu.ch\/index.php\/wp-json\/wp\/v2\/pages\/1476","targetHints":{"allow":["GET"]}}],"collection":[{"href":"https:\/\/lingedu.ch\/index.php\/wp-json\/wp\/v2\/pages"}],"about":[{"href":"https:\/\/lingedu.ch\/index.php\/wp-json\/wp\/v2\/types\/page"}],"author":[{"embeddable":true,"href":"https:\/\/lingedu.ch\/index.php\/wp-json\/wp\/v2\/users\/26"}],"replies":[{"embeddable":true,"href":"https:\/\/lingedu.ch\/index.php\/wp-json\/wp\/v2\/comments?post=1476"}],"version-history":[{"count":49,"href":"https:\/\/lingedu.ch\/index.php\/wp-json\/wp\/v2\/pages\/1476\/revisions"}],"predecessor-version":[{"id":2436,"href":"https:\/\/lingedu.ch\/index.php\/wp-json\/wp\/v2\/pages\/1476\/revisions\/2436"}],"wp:attachment":[{"href":"https:\/\/lingedu.ch\/index.php\/wp-json\/wp\/v2\/media?parent=1476"}],"curies":[{"name":"wp","href":"https:\/\/api.w.org\/{rel}","templated":true}]}}